{"id":655,"date":"2026-02-28T21:57:32","date_gmt":"2026-02-28T21:57:32","guid":{"rendered":"http:\/\/www.magalibenso.art\/?page_id=655"},"modified":"2026-04-04T12:19:18","modified_gmt":"2026-04-04T12:19:18","slug":"la-chambre-des-connexions2","status":"publish","type":"page","link":"https:\/\/www.magalibenso.art\/index.php\/la-chambre-des-connexions2\/","title":{"rendered":"La Chambre des Connexions"},"content":{"rendered":"<p>[et_pb_section fb_built=\u00a0\u00bb1&Prime; _builder_version=\u00a0\u00bb4.27.5&Prime; _module_preset=\u00a0\u00bbdefault\u00a0\u00bb background_color=\u00a0\u00bb#000000&Prime; background_image=\u00a0\u00bbhttp:\/\/www.magalibenso.art\/wp-content\/uploads\/2025\/12\/fond-grille-ok-scale1-1.jpg\u00a0\u00bb global_colors_info=\u00a0\u00bb{}\u00a0\u00bb][et_pb_row _builder_version=\u00a0\u00bb4.27.5&Prime; _module_preset=\u00a0\u00bbdefault\u00a0\u00bb global_colors_info=\u00a0\u00bb{}\u00a0\u00bb][et_pb_column type=\u00a0\u00bb4_4&Prime; _builder_version=\u00a0\u00bb4.27.5&Prime; _module_preset=\u00a0\u00bbdefault\u00a0\u00bb global_colors_info=\u00a0\u00bb{}\u00a0\u00bb][et_pb_text _builder_version=\u00a0\u00bb4.27.6&Prime; _module_preset=\u00a0\u00bbdefault\u00a0\u00bb text_text_color=\u00a0\u00bb#FFFFFF\u00a0\u00bb text_font_size=\u00a0\u00bb20px\u00a0\u00bb header_font_size=\u00a0\u00bb21px\u00a0\u00bb text_text_shadow_style=\u00a0\u00bbpreset1&Prime; global_colors_info=\u00a0\u00bb{}\u00a0\u00bb]<\/p>\n<p>La Chambre des Connexions<\/p>\n<p>[\/et_pb_text][et_pb_text _builder_version=\u00a0\u00bb4.27.6&Prime; _module_preset=\u00a0\u00bbdefault\u00a0\u00bb text_text_color=\u00a0\u00bb#f7f7f7&Prime; global_colors_info=\u00a0\u00bb{}\u00a0\u00bb]<\/p>\n<p><em>La Chambre des Connexions et La Chambre des Conversions ont \u00e9t\u00e9 con\u00e7us comme des espaces exp\u00e9rienciels et immersifs. Durant l&rsquo;exposition le public a \u00e9t\u00e9 libre de prendre connaissance du cartel-inventaire pour sa propre guidance dans l&rsquo;interpr\u00e9tation de ces espaces.\u00a0<\/em><\/p>\n<p>[\/et_pb_text][\/et_pb_column][\/et_pb_row][et_pb_row _builder_version=\u00a0\u00bb4.27.5&Prime; _module_preset=\u00a0\u00bbdefault\u00a0\u00bb custom_padding=\u00a0\u00bb0px|||||\u00a0\u00bb global_colors_info=\u00a0\u00bb{}\u00a0\u00bb][et_pb_column type=\u00a0\u00bb4_4&Prime; _builder_version=\u00a0\u00bb4.27.5&Prime; _module_preset=\u00a0\u00bbdefault\u00a0\u00bb global_colors_info=\u00a0\u00bb{}\u00a0\u00bb][et_pb_image src=\u00a0\u00bbhttp:\/\/www.magalibenso.art\/wp-content\/uploads\/2025\/12\/La-Chambre-des-Connexions-\u00a9-Magali_Benso.jpg\u00a0\u00bb title_text=\u00a0\u00bbLa Chambre des Connexions\u00a0\u00bb _builder_version=\u00a0\u00bb4.27.6&Prime; _module_preset=\u00a0\u00bbdefault\u00a0\u00bb global_colors_info=\u00a0\u00bb{}\u00a0\u00bb][\/et_pb_image][et_pb_divider color=\u00a0\u00bb#FFFFFF\u00a0\u00bb _builder_version=\u00a0\u00bb4.27.6&Prime; _module_preset=\u00a0\u00bbdefault\u00a0\u00bb custom_padding=\u00a0\u00bb||0px|||\u00a0\u00bb global_colors_info=\u00a0\u00bb{}\u00a0\u00bb][\/et_pb_divider][\/et_pb_column][\/et_pb_row][et_pb_row column_structure=\u00a0\u00bb1_2,1_2&Prime; _builder_version=\u00a0\u00bb4.27.5&Prime; _module_preset=\u00a0\u00bbdefault\u00a0\u00bb custom_padding=\u00a0\u00bb0px|||||\u00a0\u00bb global_colors_info=\u00a0\u00bb{}\u00a0\u00bb][et_pb_column type=\u00a0\u00bb1_2&Prime; _builder_version=\u00a0\u00bb4.27.5&Prime; _module_preset=\u00a0\u00bbdefault\u00a0\u00bb global_colors_info=\u00a0\u00bb{}\u00a0\u00bb][et_pb_text _builder_version=\u00a0\u00bb4.27.6&Prime; _module_preset=\u00a0\u00bbdefault\u00a0\u00bb text_text_color=\u00a0\u00bb#f9f9f9&Prime; custom_margin=\u00a0\u00bb0px||||false|false\u00a0\u00bb custom_padding=\u00a0\u00bb12px|12px|12px|12px|false|false\u00a0\u00bb border_radii=\u00a0\u00bbon|17px|17px|17px|17px\u00a0\u00bb border_width_all=\u00a0\u00bb2px\u00a0\u00bb border_color_all=\u00a0\u00bbrgba(255,255,255,0.5)\u00a0\u00bb global_colors_info=\u00a0\u00bb{}\u00a0\u00bb]<\/p>\n<p><strong>\/ Or \/<\/strong> Structure cristalline dont la brillance est due \u00e0 les \u00e9lectrons libres \u00e0 sa surface formant un plasma capable d\u2019osciller sous forme d\u2019ondes responsables de son \u00e9clat\u00a0 \u00a0 \u00a0\/ <strong>Ondes c\u00e9r\u00e9brales th\u00eata \/<\/strong>\u00a0 Positionn\u00e9es entre 4Hz et 8Hz elles correspondent \u00e0 un \u00e9tat modifi\u00e9 de conscience <strong>\/ R\u00e9sonance \/<\/strong> Augmentation de l\u2019amplitude des vibrations d\u2019un corps lorsque celui-ci est stimul\u00e9 \u00e0 sa fr\u00e9quence naturelle. Les ondes sonores \u00e0 certaines fr\u00e9quences peuvent entrer en r\u00e9sonance et agir sur un corps\u00a0 \u00a0 \u00a0 \u00a0 \u00a0 \u00a0 \u00a0 \u00a0 <strong>\u00a0\/ Hologramme \/<\/strong> Projection d\u2019un double lumineux en trois dimensions obtenu \u00e0 partir de l\u2019enregistrement des propri\u00e9t\u00e9s d\u2019ondes lumineuses r\u00e9fl\u00e9chies par un objet (amplitude et phase) <strong>\/ \u00c9nergie \/<\/strong> Grandeur physique qui mesure la capacit\u00e9 d\u2019un syst\u00e8me \u00e0 produire un changement dans son environnement<strong> \/ \u00c9lectricit\u00e9\/<\/strong> Une des formes de l\u2019\u00e9nergie mise en \u00e9vidence par la structure de la mati\u00e8re <strong>\/ Chakras \/<\/strong> Sept centres \u00e9nerg\u00e9tiques corporels o\u00f9 se concentre l\u2019\u00e9nergie vitale selon les traditions hindoues <strong>\/ Glande pin\u00e9ale \/<\/strong> (\u00c9piphyse, oeil d\u2019Horus) Glande situ\u00e9e au centre du cerveau constitu\u00e9e de minuscules cristaux d\u2019apatite sensibles aux ondes \u00e9lectromagn\u00e9tiques capables de r\u00e9sonner avec des champs magn\u00e9tiques de faible intensit\u00e9<\/p>\n<p>[\/et_pb_text][et_pb_image src=\u00a0\u00bbhttp:\/\/www.magalibenso.art\/wp-content\/uploads\/2025\/12\/La-Chambre-des-Connexions-\u00a9-Magali_Benso-010.jpg\u00a0\u00bb title_text=\u00a0\u00bbLa Chambre des Connexions\u00a0\u00bb _builder_version=\u00a0\u00bb4.27.6&Prime; _module_preset=\u00a0\u00bbdefault\u00a0\u00bb global_colors_info=\u00a0\u00bb{}\u00a0\u00bb][\/et_pb_image][et_pb_video src=\u00a0\u00bbhttp:\/\/www.magalibenso.art\/wp-content\/uploads\/2026\/03\/1280-Chambre-Connexions_\u00a9-Magali_Benso_1.mp4&Prime; _builder_version=\u00a0\u00bb4.27.6&Prime; _module_preset=\u00a0\u00bbdefault\u00a0\u00bb global_colors_info=\u00a0\u00bb{}\u00a0\u00bb][\/et_pb_video][\/et_pb_column][et_pb_column type=\u00a0\u00bb1_2&Prime; _builder_version=\u00a0\u00bb4.27.5&Prime; _module_preset=\u00a0\u00bbdefault\u00a0\u00bb global_colors_info=\u00a0\u00bb{}\u00a0\u00bb][et_pb_image src=\u00a0\u00bbhttp:\/\/www.magalibenso.art\/wp-content\/uploads\/2025\/12\/La-Chambre-des-Connexions-\u00a9-Magali_Benso-011.jpg\u00a0\u00bb title_text=\u00a0\u00bbLa Chambre des Connexions\u00a0\u00bb _builder_version=\u00a0\u00bb4.27.6&Prime; _module_preset=\u00a0\u00bbdefault\u00a0\u00bb global_colors_info=\u00a0\u00bb{}\u00a0\u00bb][\/et_pb_image][et_pb_image src=\u00a0\u00bbhttp:\/\/www.magalibenso.art\/wp-content\/uploads\/2026\/03\/Magali-Benso-La-Chambre-des-Connexions-4-.jpg\u00a0\u00bb title_text=\u00a0\u00bbMagali Benso &#8211; La Chambre des Connexions #4&Prime; _builder_version=\u00a0\u00bb4.27.6&Prime; _module_preset=\u00a0\u00bbdefault\u00a0\u00bb global_colors_info=\u00a0\u00bb{}\u00a0\u00bb][\/et_pb_image][\/et_pb_column][\/et_pb_row][et_pb_row _builder_version=\u00a0\u00bb4.27.6&Prime; _module_preset=\u00a0\u00bbdefault\u00a0\u00bb global_colors_info=\u00a0\u00bb{}\u00a0\u00bb][et_pb_column type=\u00a0\u00bb4_4&Prime; _builder_version=\u00a0\u00bb4.27.5&Prime; _module_preset=\u00a0\u00bbdefault\u00a0\u00bb global_colors_info=\u00a0\u00bb{}\u00a0\u00bb][dmg_masonry_gallery gallery=\u00a0\u00bb691,267,266,264,269,270&Prime; _builder_version=\u00a0\u00bb4.27.6&Prime; _module_preset=\u00a0\u00bbdefault\u00a0\u00bb global_colors_info=\u00a0\u00bb{}\u00a0\u00bb][\/dmg_masonry_gallery][\/et_pb_column][\/et_pb_row][\/et_pb_section]<\/p>\n","protected":false},"excerpt":{"rendered":"<p>La Chambre des ConnexionsLa Chambre des Connexions et La Chambre des Conversions ont \u00e9t\u00e9 con\u00e7us comme des espaces exp\u00e9rienciels et immersifs. Durant l&rsquo;exposition le public a \u00e9t\u00e9 libre de prendre connaissance du cartel-inventaire pour sa propre guidance dans l&rsquo;interpr\u00e9tation de ces espaces.\u00a0\/ Or \/ Structure cristalline dont la brillance est due \u00e0 les \u00e9lectrons libres [&hellip;]<\/p>\n","protected":false},"author":1,"featured_media":0,"parent":0,"menu_order":0,"comment_status":"closed","ping_status":"closed","template":"","meta":{"_et_pb_use_builder":"on","_et_pb_old_content":"","_et_gb_content_width":"","footnotes":""},"class_list":["post-655","page","type-page","status-publish","hentry"],"_links":{"self":[{"href":"https:\/\/www.magalibenso.art\/index.php\/wp-json\/wp\/v2\/pages\/655","targetHints":{"allow":["GET"]}}],"collection":[{"href":"https:\/\/www.magalibenso.art\/index.php\/wp-json\/wp\/v2\/pages"}],"about":[{"href":"https:\/\/www.magalibenso.art\/index.php\/wp-json\/wp\/v2\/types\/page"}],"author":[{"embeddable":true,"href":"https:\/\/www.magalibenso.art\/index.php\/wp-json\/wp\/v2\/users\/1"}],"replies":[{"embeddable":true,"href":"https:\/\/www.magalibenso.art\/index.php\/wp-json\/wp\/v2\/comments?post=655"}],"version-history":[{"count":14,"href":"https:\/\/www.magalibenso.art\/index.php\/wp-json\/wp\/v2\/pages\/655\/revisions"}],"predecessor-version":[{"id":756,"href":"https:\/\/www.magalibenso.art\/index.php\/wp-json\/wp\/v2\/pages\/655\/revisions\/756"}],"wp:attachment":[{"href":"https:\/\/www.magalibenso.art\/index.php\/wp-json\/wp\/v2\/media?parent=655"}],"curies":[{"name":"wp","href":"https:\/\/api.w.org\/{rel}","templated":true}]}}