{"id":177,"date":"2025-12-13T15:12:32","date_gmt":"2025-12-13T15:12:32","guid":{"rendered":"http:\/\/www.magalibenso.art\/?page_id=177"},"modified":"2026-04-05T04:14:45","modified_gmt":"2026-04-05T04:14:45","slug":"travaux-en-cours","status":"publish","type":"page","link":"https:\/\/www.magalibenso.art\/index.php\/travaux-en-cours\/","title":{"rendered":"Actualit\u00e9s"},"content":{"rendered":"<p>[et_pb_section fb_built=\u00a0\u00bb1&Prime; _builder_version=\u00a0\u00bb4.27.5&Prime; _module_preset=\u00a0\u00bbdefault\u00a0\u00bb background_color=\u00a0\u00bb#000000&Prime; global_colors_info=\u00a0\u00bb{}\u00a0\u00bb][et_pb_row column_structure=\u00a0\u00bb1_2,1_2&Prime; _builder_version=\u00a0\u00bb4.27.5&Prime; _module_preset=\u00a0\u00bbdefault\u00a0\u00bb global_colors_info=\u00a0\u00bb{}\u00a0\u00bb][et_pb_column type=\u00a0\u00bb1_2&Prime; _builder_version=\u00a0\u00bb4.27.5&Prime; _module_preset=\u00a0\u00bbdefault\u00a0\u00bb global_colors_info=\u00a0\u00bb{}\u00a0\u00bb][et_pb_slider use_bg_overlay=\u00a0\u00bboff\u00a0\u00bb use_text_overlay=\u00a0\u00bboff\u00a0\u00bb _builder_version=\u00a0\u00bb4.27.6&Prime; _module_preset=\u00a0\u00bbdefault\u00a0\u00bb background_color=\u00a0\u00bb#000000&Prime; auto=\u00a0\u00bbon\u00a0\u00bb auto_speed=\u00a0\u00bb3000&Prime; hover_enabled=\u00a0\u00bb0&Prime; global_colors_info=\u00a0\u00bb{}\u00a0\u00bb sticky_enabled=\u00a0\u00bb0&Prime;][et_pb_slide heading=\u00a0\u00bbAnnonciation \u00a0\u00bb image=\u00a0\u00bbhttp:\/\/www.magalibenso.art\/wp-content\/uploads\/2025\/12\/Etude-Annonciation-\u00a9-Magali_Benso-La-Station-2025-scaled.jpg\u00a0\u00bb _builder_version=\u00a0\u00bb4.27.6&Prime; _module_preset=\u00a0\u00bbdefault\u00a0\u00bb global_colors_info=\u00a0\u00bb{}\u00a0\u00bb sticky_transition=\u00a0\u00bbon\u00a0\u00bb]<\/p>\n<p>Diverses \u00e9tudes pour \u00ab\u00a0Annonciation\u00a0\u00bb<\/p>\n<p>pr\u00e9sent\u00e9es \u00e0 La Station<\/p>\n<p>Restitution pour le dispositif Rouvrir le Monde &#8211; Drac Paca<\/p>\n<p>Vid\u00e9os 3D, video composite, c\u00e9ramique, pl\u00e2tre, cyanotype<\/p>\n<p>&nbsp;<\/p>\n<p>&nbsp;<\/p>\n<p>[\/et_pb_slide][et_pb_slide heading=\u00a0\u00bbAnnonciation \/ \u00c9tudes\u00a0\u00bb image=\u00a0\u00bbhttp:\/\/www.magalibenso.art\/wp-content\/uploads\/2025\/12\/Etude-Annonciation-\u00a9-Magali_Benso-04.jpg\u00a0\u00bb _builder_version=\u00a0\u00bb4.27.6&Prime; _module_preset=\u00a0\u00bbdefault\u00a0\u00bb hover_enabled=\u00a0\u00bb0&Prime; global_colors_info=\u00a0\u00bb{}\u00a0\u00bb sticky_transition=\u00a0\u00bbon\u00a0\u00bb sticky_enabled=\u00a0\u00bb0&Prime;]<\/p>\n<p>Mapping vid\u00e9o sur maquette relief<\/p>\n<p>&nbsp;<\/p>\n<p>&nbsp;<\/p>\n<p>[\/et_pb_slide][et_pb_slide heading=\u00a0\u00bbAnnonciation \/ \u00c9tudes\u00a0\u00bb image=\u00a0\u00bbhttp:\/\/www.magalibenso.art\/wp-content\/uploads\/2025\/12\/Etude-Annonciation-\u00a9-Magali_Benso-04.jpg\u00a0\u00bb _builder_version=\u00a0\u00bb4.27.6&Prime; _module_preset=\u00a0\u00bbdefault\u00a0\u00bb global_colors_info=\u00a0\u00bb{}\u00a0\u00bb sticky_transition=\u00a0\u00bbon\u00a0\u00bb]<\/p>\n<p>Mapping vid\u00e9o sur maquette relief<\/p>\n<p>&nbsp;<\/p>\n<p>&nbsp;<\/p>\n<p>[\/et_pb_slide][\/et_pb_slider][\/et_pb_column][et_pb_column type=\u00a0\u00bb1_2&Prime; _builder_version=\u00a0\u00bb4.27.5&Prime; _module_preset=\u00a0\u00bbdefault\u00a0\u00bb global_colors_info=\u00a0\u00bb{}\u00a0\u00bb][dmg_masonry_gallery gallery=\u00a0\u00bb415,414,413,412,411,410,409,408,407,406,310,309,306,311,312,305,304&Prime; columns=\u00a0\u00bb5&Prime; gutter=\u00a0\u00bb0&Prime; _builder_version=\u00a0\u00bb4.27.5&Prime; _module_preset=\u00a0\u00bbdefault\u00a0\u00bb global_colors_info=\u00a0\u00bb{}\u00a0\u00bb][\/dmg_masonry_gallery][\/et_pb_column][\/et_pb_row][et_pb_row _builder_version=\u00a0\u00bb4.27.5&Prime; _module_preset=\u00a0\u00bbdefault\u00a0\u00bb global_colors_info=\u00a0\u00bb{}\u00a0\u00bb][et_pb_column type=\u00a0\u00bb4_4&Prime; _builder_version=\u00a0\u00bb4.27.5&Prime; _module_preset=\u00a0\u00bbdefault\u00a0\u00bb global_colors_info=\u00a0\u00bb{}\u00a0\u00bb][et_pb_divider _builder_version=\u00a0\u00bb4.27.6&Prime; _module_preset=\u00a0\u00bbdefault\u00a0\u00bb min_height=\u00a0\u00bb45.8px\u00a0\u00bb global_colors_info=\u00a0\u00bb{}\u00a0\u00bb][\/et_pb_divider][et_pb_text _builder_version=\u00a0\u00bb4.27.6&Prime; _module_preset=\u00a0\u00bbdefault\u00a0\u00bb text_text_color=\u00a0\u00bb#FFFFFF\u00a0\u00bb text_font_size=\u00a0\u00bb25px\u00a0\u00bb global_colors_info=\u00a0\u00bb{}\u00a0\u00bb]<\/p>\n<p>All Migrants<\/p>\n<p>[\/et_pb_text][et_pb_text _builder_version=\u00a0\u00bb4.27.6&Prime; _module_preset=\u00a0\u00bbdefault\u00a0\u00bb text_text_color=\u00a0\u00bb#FFFFFF\u00a0\u00bb text_font_size=\u00a0\u00bb25px\u00a0\u00bb min_height=\u00a0\u00bb38.8px\u00a0\u00bb global_colors_info=\u00a0\u00bb{}\u00a0\u00bb]<\/p>\n<p><span style=\"font-size: small;\">Dispositif interactif &#8211; Accompagnement R\u00e9sidence Le Hublot &#8211; 109 Nice<\/span><\/p>\n<p>[\/et_pb_text][et_pb_image src=\u00a0\u00bbhttp:\/\/www.magalibenso.art\/wp-content\/uploads\/2026\/04\/unnamed-file-scaled.jpg\u00a0\u00bb _builder_version=\u00a0\u00bb4.27.6&Prime; _module_preset=\u00a0\u00bbdefault\u00a0\u00bb global_colors_info=\u00a0\u00bb{}\u00a0\u00bb][\/et_pb_image][\/et_pb_column][\/et_pb_row][\/et_pb_section]<\/p>\n","protected":false},"excerpt":{"rendered":"<p>Diverses \u00e9tudes pour \u00ab\u00a0Annonciation\u00a0\u00bb pr\u00e9sent\u00e9es \u00e0 La Station Restitution pour le dispositif Rouvrir le Monde &#8211; Drac Paca Vid\u00e9os 3D, video composite, c\u00e9ramique, pl\u00e2tre, cyanotype &nbsp; &nbsp;Mapping vid\u00e9o sur maquette relief &nbsp; &nbsp;Mapping vid\u00e9o sur maquette relief &nbsp; &nbsp;<div class=\"et_pb_module dmg_masonry_gallery dmg_masonry_gallery_0\">\n\t\t\t\t\n\t\t\t\t\n\t\t\t\t\n\t\t\t\t\n\t\t\t\t\n\t\t\t\t\n\t\t\t\t<div class=\"et_pb_module_inner\">\n\t\t\t\t\t\n\t\t\t<div class=\"dmg-gallery-wrapper\">\n\t\t\t\t\n\t\t\t\t<div class=\"dmg-gallery dmg-modal-gallery \">\n\t\t\t\t\t<div class=\"dmg-gallery-sizer\"><\/div>\n\t\t\t\t\t<div class=\"dmg-gutter-sizer\"><\/div>\n\t\t\t\t\t\n\t\t\t\t\t\t\t<a data-width=\"914\" data-height=\"1198\" href=\"https:\/\/www.magalibenso.art\/wp-content\/uploads\/2026\/01\/Etude-Annonciation-\u00a9-Magali_Benso_2025-CPT10.png\"  data-categories=\"\" class=\"dmg_masonry_gallery_item \" >\n\t\t\t\t\t\t\t\t<img class=\"dmg-lazyload\" alt=\"\" data-src=\"https:\/\/www.magalibenso.art\/wp-content\/uploads\/2026\/01\/Etude-Annonciation-\u00a9-Magali_Benso_2025-CPT10.png\" width=\"914\" height=\"1198\" \/>\n\t\t\t\t\t\t\t\t<span class=\"et_overlay\"><\/span>\n\t\t\t\t\t\t\t<\/a>\n\t\t\t\t\t\t\t\n\t\t\t\t\t\t\t<a data-width=\"932\" data-height=\"1114\" href=\"https:\/\/www.magalibenso.art\/wp-content\/uploads\/2026\/01\/Etude-Annonciation-\u00a9-Magali_Benso_2025-CPT9.png\"  data-categories=\"\" class=\"dmg_masonry_gallery_item \" >\n\t\t\t\t\t\t\t\t<img class=\"dmg-lazyload\" alt=\"\" data-src=\"https:\/\/www.magalibenso.art\/wp-content\/uploads\/2026\/01\/Etude-Annonciation-\u00a9-Magali_Benso_2025-CPT9.png\" width=\"932\" height=\"1114\" \/>\n\t\t\t\t\t\t\t\t<span class=\"et_overlay\"><\/span>\n\t\t\t\t\t\t\t<\/a>\n\t\t\t\t\t\t\t\n\t\t\t\t\t\t\t<a data-width=\"922\" data-height=\"1214\" href=\"https:\/\/www.magalibenso.art\/wp-content\/uploads\/2026\/01\/Etude-Annonciation-\u00a9-Magali_Benso_2025-CPT8.png\"  data-categories=\"\" class=\"dmg_masonry_gallery_item \" >\n\t\t\t\t\t\t\t\t<img class=\"dmg-lazyload\" alt=\"\" data-src=\"https:\/\/www.magalibenso.art\/wp-content\/uploads\/2026\/01\/Etude-Annonciation-\u00a9-Magali_Benso_2025-CPT8.png\" width=\"922\" height=\"1214\" \/>\n\t\t\t\t\t\t\t\t<span class=\"et_overlay\"><\/span>\n\t\t\t\t\t\t\t<\/a>\n\t\t\t\t\t\t\t\n\t\t\t\t\t\t\t<a data-width=\"926\" data-height=\"1200\" href=\"https:\/\/www.magalibenso.art\/wp-content\/uploads\/2026\/01\/Etude-Annonciation-\u00a9-Magali_Benso_2025-CPT7.png\"  data-categories=\"\" class=\"dmg_masonry_gallery_item \" >\n\t\t\t\t\t\t\t\t<img class=\"dmg-lazyload\" alt=\"\" data-src=\"https:\/\/www.magalibenso.art\/wp-content\/uploads\/2026\/01\/Etude-Annonciation-\u00a9-Magali_Benso_2025-CPT7.png\" width=\"926\" height=\"1200\" \/>\n\t\t\t\t\t\t\t\t<span class=\"et_overlay\"><\/span>\n\t\t\t\t\t\t\t<\/a>\n\t\t\t\t\t\t\t\n\t\t\t\t\t\t\t<a data-width=\"898\" data-height=\"1178\" href=\"https:\/\/www.magalibenso.art\/wp-content\/uploads\/2026\/01\/Etude-Annonciation-\u00a9-Magali_Benso_2025-CPT6.png\"  data-categories=\"\" class=\"dmg_masonry_gallery_item \" >\n\t\t\t\t\t\t\t\t<img class=\"dmg-lazyload\" alt=\"\" data-src=\"https:\/\/www.magalibenso.art\/wp-content\/uploads\/2026\/01\/Etude-Annonciation-\u00a9-Magali_Benso_2025-CPT6.png\" width=\"898\" height=\"1178\" \/>\n\t\t\t\t\t\t\t\t<span class=\"et_overlay\"><\/span>\n\t\t\t\t\t\t\t<\/a>\n\t\t\t\t\t\t\t\n\t\t\t\t\t\t\t<a data-width=\"920\" data-height=\"1178\" href=\"https:\/\/www.magalibenso.art\/wp-content\/uploads\/2026\/01\/Etude-Annonciation-\u00a9-Magali_Benso_2025-CPT5.png\"  data-categories=\"\" class=\"dmg_masonry_gallery_item \" >\n\t\t\t\t\t\t\t\t<img class=\"dmg-lazyload\" alt=\"\" data-src=\"https:\/\/www.magalibenso.art\/wp-content\/uploads\/2026\/01\/Etude-Annonciation-\u00a9-Magali_Benso_2025-CPT5.png\" width=\"920\" height=\"1178\" \/>\n\t\t\t\t\t\t\t\t<span class=\"et_overlay\"><\/span>\n\t\t\t\t\t\t\t<\/a>\n\t\t\t\t\t\t\t\n\t\t\t\t\t\t\t<a data-width=\"932\" data-height=\"1244\" href=\"https:\/\/www.magalibenso.art\/wp-content\/uploads\/2026\/01\/Etude-Annonciation-\u00a9-Magali_Benso_2025-CPT4.png\"  data-categories=\"\" class=\"dmg_masonry_gallery_item \" >\n\t\t\t\t\t\t\t\t<img class=\"dmg-lazyload\" alt=\"\" data-src=\"https:\/\/www.magalibenso.art\/wp-content\/uploads\/2026\/01\/Etude-Annonciation-\u00a9-Magali_Benso_2025-CPT4.png\" width=\"932\" height=\"1244\" \/>\n\t\t\t\t\t\t\t\t<span class=\"et_overlay\"><\/span>\n\t\t\t\t\t\t\t<\/a>\n\t\t\t\t\t\t\t\n\t\t\t\t\t\t\t<a data-width=\"920\" data-height=\"1232\" href=\"https:\/\/www.magalibenso.art\/wp-content\/uploads\/2026\/01\/Etude-Annonciation-\u00a9-Magali_Benso_-2025CPT3.png\"  data-categories=\"\" class=\"dmg_masonry_gallery_item \" >\n\t\t\t\t\t\t\t\t<img class=\"dmg-lazyload\" alt=\"\" data-src=\"https:\/\/www.magalibenso.art\/wp-content\/uploads\/2026\/01\/Etude-Annonciation-\u00a9-Magali_Benso_-2025CPT3.png\" width=\"920\" height=\"1232\" \/>\n\t\t\t\t\t\t\t\t<span class=\"et_overlay\"><\/span>\n\t\t\t\t\t\t\t<\/a>\n\t\t\t\t\t\t\t\n\t\t\t\t\t\t\t<a data-width=\"924\" data-height=\"1234\" href=\"https:\/\/www.magalibenso.art\/wp-content\/uploads\/2026\/01\/Etude-Annonciation-\u00a9-Magali_Benso_-2025CPT2.png\"  data-categories=\"\" class=\"dmg_masonry_gallery_item \" >\n\t\t\t\t\t\t\t\t<img class=\"dmg-lazyload\" alt=\"\" data-src=\"https:\/\/www.magalibenso.art\/wp-content\/uploads\/2026\/01\/Etude-Annonciation-\u00a9-Magali_Benso_-2025CPT2.png\" width=\"924\" height=\"1234\" \/>\n\t\t\t\t\t\t\t\t<span class=\"et_overlay\"><\/span>\n\t\t\t\t\t\t\t<\/a>\n\t\t\t\t\t\t\t\n\t\t\t\t\t\t\t<a data-width=\"804\" data-height=\"684\" href=\"https:\/\/www.magalibenso.art\/wp-content\/uploads\/2026\/01\/Etude-Annonciation-\u00a9-Magali_Benso_2025-CPT1.png\"  data-categories=\"\" class=\"dmg_masonry_gallery_item \" >\n\t\t\t\t\t\t\t\t<img class=\"dmg-lazyload\" alt=\"\" data-src=\"https:\/\/www.magalibenso.art\/wp-content\/uploads\/2026\/01\/Etude-Annonciation-\u00a9-Magali_Benso_2025-CPT1.png\" width=\"804\" height=\"684\" \/>\n\t\t\t\t\t\t\t\t<span class=\"et_overlay\"><\/span>\n\t\t\t\t\t\t\t<\/a>\n\t\t\t\t\t\t\t\n\t\t\t\t\t\t\t<a data-width=\"694\" data-height=\"1232\" href=\"https:\/\/www.magalibenso.art\/wp-content\/uploads\/2025\/12\/Etude-Annonciation-\u00a9-Magali_Benso-01.png\"  data-categories=\"\" class=\"dmg_masonry_gallery_item \" >\n\t\t\t\t\t\t\t\t<img class=\"dmg-lazyload\" alt=\"\" data-src=\"https:\/\/www.magalibenso.art\/wp-content\/uploads\/2025\/12\/Etude-Annonciation-\u00a9-Magali_Benso-01.png\" width=\"694\" height=\"1232\" \/>\n\t\t\t\t\t\t\t\t<span class=\"et_overlay\"><\/span>\n\t\t\t\t\t\t\t<\/a>\n\t\t\t\t\t\t\t\n\t\t\t\t\t\t\t<a data-width=\"980\" data-height=\"653\" href=\"https:\/\/www.magalibenso.art\/wp-content\/uploads\/2025\/12\/Etude-Annonciation-\u00a9-Magali_Benso-1034-copie-scaled.jpg\"  data-categories=\"\" class=\"dmg_masonry_gallery_item \" >\n\t\t\t\t\t\t\t\t<img class=\"dmg-lazyload\" alt=\"\" data-src=\"https:\/\/www.magalibenso.art\/wp-content\/uploads\/2025\/12\/Etude-Annonciation-\u00a9-Magali_Benso-1034-copie-scaled.jpg\" width=\"980\" height=\"653\" \/>\n\t\t\t\t\t\t\t\t<span class=\"et_overlay\"><\/span>\n\t\t\t\t\t\t\t<\/a>\n\t\t\t\t\t\t\t\n\t\t\t\t\t\t\t<a data-width=\"980\" data-height=\"1307\" href=\"https:\/\/www.magalibenso.art\/wp-content\/uploads\/2025\/12\/Etude-Annonciation-\u00a9-Magali_Benso-La-Station-2025-scaled.jpg\"  data-categories=\"\" class=\"dmg_masonry_gallery_item \" >\n\t\t\t\t\t\t\t\t<img class=\"dmg-lazyload\" alt=\"\" data-src=\"https:\/\/www.magalibenso.art\/wp-content\/uploads\/2025\/12\/Etude-Annonciation-\u00a9-Magali_Benso-La-Station-2025-980x1307.jpg\" width=\"980\" height=\"1307\" \/>\n\t\t\t\t\t\t\t\t<span class=\"et_overlay\"><\/span>\n\t\t\t\t\t\t\t<\/a>\n\t\t\t\t\t\t\t\n\t\t\t\t\t\t\t<a data-width=\"980\" data-height=\"1307\" href=\"https:\/\/www.magalibenso.art\/wp-content\/uploads\/2025\/12\/Etude-Annonciation-\u00a9-Magali_Benso-_6867-scaled.jpg\"  data-categories=\"\" class=\"dmg_masonry_gallery_item \" >\n\t\t\t\t\t\t\t\t<img class=\"dmg-lazyload\" alt=\"\" data-src=\"https:\/\/www.magalibenso.art\/wp-content\/uploads\/2025\/12\/Etude-Annonciation-\u00a9-Magali_Benso-_6867-980x1307.jpg\" width=\"980\" height=\"1307\" \/>\n\t\t\t\t\t\t\t\t<span class=\"et_overlay\"><\/span>\n\t\t\t\t\t\t\t<\/a>\n\t\t\t\t\t\t\t\n\t\t\t\t\t\t\t<a data-width=\"980\" data-height=\"1307\" href=\"https:\/\/www.magalibenso.art\/wp-content\/uploads\/2025\/12\/Etude-Annonciation-\u00a9-Magali_Benso-_6861-2-scaled.jpg\"  data-categories=\"\" class=\"dmg_masonry_gallery_item \" >\n\t\t\t\t\t\t\t\t<img class=\"dmg-lazyload\" alt=\"\" data-src=\"https:\/\/www.magalibenso.art\/wp-content\/uploads\/2025\/12\/Etude-Annonciation-\u00a9-Magali_Benso-_6861-2-980x1307.jpg\" width=\"980\" height=\"1307\" \/>\n\t\t\t\t\t\t\t\t<span class=\"et_overlay\"><\/span>\n\t\t\t\t\t\t\t<\/a>\n\t\t\t\t\t\t\t\n\t\t\t\t\t\t\t<a data-width=\"980\" data-height=\"1307\" href=\"https:\/\/www.magalibenso.art\/wp-content\/uploads\/2025\/12\/Etude-Annonciation-\u00a9-Magali_Benso-Annonciation-ceramique-scaled.jpg\"  data-categories=\"\" class=\"dmg_masonry_gallery_item \" >\n\t\t\t\t\t\t\t\t<img class=\"dmg-lazyload\" alt=\"\" data-src=\"https:\/\/www.magalibenso.art\/wp-content\/uploads\/2025\/12\/Etude-Annonciation-\u00a9-Magali_Benso-Annonciation-ceramique-980x1307.jpg\" width=\"980\" height=\"1307\" \/>\n\t\t\t\t\t\t\t\t<span class=\"et_overlay\"><\/span>\n\t\t\t\t\t\t\t<\/a>\n\t\t\t\t\t\t\t\n\t\t\t\t\t\t\t<a data-width=\"980\" data-height=\"1307\" href=\"https:\/\/www.magalibenso.art\/wp-content\/uploads\/2025\/12\/Etude-Annonciation-\u00a9-Magali_Benso-ceramique-1-2-scaled.jpg\"  data-categories=\"\" class=\"dmg_masonry_gallery_item \" >\n\t\t\t\t\t\t\t\t<img class=\"dmg-lazyload\" alt=\"\" data-src=\"https:\/\/www.magalibenso.art\/wp-content\/uploads\/2025\/12\/Etude-Annonciation-\u00a9-Magali_Benso-ceramique-1-2-980x1307.jpg\" width=\"980\" height=\"1307\" \/>\n\t\t\t\t\t\t\t\t<span class=\"et_overlay\"><\/span>\n\t\t\t\t\t\t\t<\/a>\n\t\t\t\t\t\t\t\n\t  \t\t\t<\/div>\n\t  \t\t\t\n  \t\t\t<\/div>\n  \t\t\t\n\t\t\t\t<\/div>\n\t\t\t<\/div>All MigrantsDispositif interactif &#8211; Accompagnement R\u00e9sidence Le Hublot &#8211; 109 Nice<\/p>\n","protected":false},"author":1,"featured_media":0,"parent":0,"menu_order":0,"comment_status":"closed","ping_status":"closed","template":"","meta":{"_et_pb_use_builder":"on","_et_pb_old_content":"","_et_gb_content_width":"","footnotes":""},"class_list":["post-177","page","type-page","status-publish","hentry"],"_links":{"self":[{"href":"https:\/\/www.magalibenso.art\/index.php\/wp-json\/wp\/v2\/pages\/177","targetHints":{"allow":["GET"]}}],"collection":[{"href":"https:\/\/www.magalibenso.art\/index.php\/wp-json\/wp\/v2\/pages"}],"about":[{"href":"https:\/\/www.magalibenso.art\/index.php\/wp-json\/wp\/v2\/types\/page"}],"author":[{"embeddable":true,"href":"https:\/\/www.magalibenso.art\/index.php\/wp-json\/wp\/v2\/users\/1"}],"replies":[{"embeddable":true,"href":"https:\/\/www.magalibenso.art\/index.php\/wp-json\/wp\/v2\/comments?post=177"}],"version-history":[{"count":17,"href":"https:\/\/www.magalibenso.art\/index.php\/wp-json\/wp\/v2\/pages\/177\/revisions"}],"predecessor-version":[{"id":764,"href":"https:\/\/www.magalibenso.art\/index.php\/wp-json\/wp\/v2\/pages\/177\/revisions\/764"}],"wp:attachment":[{"href":"https:\/\/www.magalibenso.art\/index.php\/wp-json\/wp\/v2\/media?parent=177"}],"curies":[{"name":"wp","href":"https:\/\/api.w.org\/{rel}","templated":true}]}}