{"id":94,"date":"2025-12-08T17:11:29","date_gmt":"2025-12-08T17:11:29","guid":{"rendered":"http:\/\/www.magalibenso.art\/?page_id=94"},"modified":"2026-04-04T12:17:18","modified_gmt":"2026-04-04T12:17:18","slug":"la-chambre-des-conversions-test","status":"publish","type":"page","link":"http:\/\/www.magalibenso.art\/index.php\/la-chambre-des-conversions-test\/","title":{"rendered":"La chambre des Conversions"},"content":{"rendered":"<p>[et_pb_section fb_built=\u00a0\u00bb1&Prime; _builder_version=\u00a0\u00bb4.27.5&Prime; _module_preset=\u00a0\u00bbdefault\u00a0\u00bb background_color=\u00a0\u00bb#000000&Prime; background_image=\u00a0\u00bbhttp:\/\/www.magalibenso.art\/wp-content\/uploads\/2025\/12\/fond-grille-ok-scale1-1.jpg\u00a0\u00bb global_colors_info=\u00a0\u00bb{}\u00a0\u00bb][et_pb_row _builder_version=\u00a0\u00bb4.27.5&Prime; _module_preset=\u00a0\u00bbdefault\u00a0\u00bb global_colors_info=\u00a0\u00bb{}\u00a0\u00bb][et_pb_column type=\u00a0\u00bb4_4&Prime; _builder_version=\u00a0\u00bb4.27.5&Prime; _module_preset=\u00a0\u00bbdefault\u00a0\u00bb global_colors_info=\u00a0\u00bb{}\u00a0\u00bb][et_pb_text _builder_version=\u00a0\u00bb4.27.6&Prime; _module_preset=\u00a0\u00bbdefault\u00a0\u00bb text_text_color=\u00a0\u00bb#FFFFFF\u00a0\u00bb text_font_size=\u00a0\u00bb20px\u00a0\u00bb header_font_size=\u00a0\u00bb21px\u00a0\u00bb text_text_shadow_style=\u00a0\u00bbpreset1&Prime; global_colors_info=\u00a0\u00bb{}\u00a0\u00bb]<\/p>\n<p>La Chambre des Conversions<\/p>\n<p>[\/et_pb_text][\/et_pb_column][\/et_pb_row][et_pb_row _builder_version=\u00a0\u00bb4.27.5&Prime; _module_preset=\u00a0\u00bbdefault\u00a0\u00bb custom_padding=\u00a0\u00bb0px|||||\u00a0\u00bb global_colors_info=\u00a0\u00bb{}\u00a0\u00bb][et_pb_column type=\u00a0\u00bb4_4&Prime; _builder_version=\u00a0\u00bb4.27.5&Prime; _module_preset=\u00a0\u00bbdefault\u00a0\u00bb global_colors_info=\u00a0\u00bb{}\u00a0\u00bb][et_pb_text _builder_version=\u00a0\u00bb4.27.6&Prime; _module_preset=\u00a0\u00bbdefault\u00a0\u00bb text_text_color=\u00a0\u00bb#FFFFFF\u00a0\u00bb custom_margin=\u00a0\u00bb-25px|||||\u00a0\u00bb custom_padding=\u00a0\u00bb10px|||||\u00a0\u00bb global_colors_info=\u00a0\u00bb{}\u00a0\u00bb]<\/p>\n<p><em>La Chambre des Conversions et La Chambre des Connexions ont \u00e9t\u00e9 con\u00e7us comme des espaces exp\u00e9rienciels immersifs. Durant l&rsquo;exposition le public a \u00e9t\u00e9 libre de prendre connaissance du cartel-inventaire pour sa propre guidance dans l&rsquo;interpr\u00e9tation de ces espaces.\u00a0<\/em><\/p>\n<p>[\/et_pb_text][dmg_masonry_gallery gallery=\u00a0\u00bb280,283,284,275&Prime; _builder_version=\u00a0\u00bb4.27.6&Prime; _module_preset=\u00a0\u00bbdefault\u00a0\u00bb custom_padding=\u00a0\u00bb||0px|||\u00a0\u00bb global_colors_info=\u00a0\u00bb{}\u00a0\u00bb][\/dmg_masonry_gallery][\/et_pb_column][\/et_pb_row][et_pb_row _builder_version=\u00a0\u00bb4.27.6&Prime; _module_preset=\u00a0\u00bbdefault\u00a0\u00bb custom_padding=\u00a0\u00bb0px|||||\u00a0\u00bb global_colors_info=\u00a0\u00bb{}\u00a0\u00bb][et_pb_column type=\u00a0\u00bb4_4&Prime; _builder_version=\u00a0\u00bb4.27.6&Prime; _module_preset=\u00a0\u00bbdefault\u00a0\u00bb global_colors_info=\u00a0\u00bb{}\u00a0\u00bb][et_pb_text _builder_version=\u00a0\u00bb4.27.5&Prime; _module_preset=\u00a0\u00bbdefault\u00a0\u00bb custom_margin=\u00a0\u00bb0px||||false|false\u00a0\u00bb custom_padding=\u00a0\u00bb12px|12px|12px|12px|false|false\u00a0\u00bb border_radii=\u00a0\u00bbon|28px|28px|28px|28px\u00a0\u00bb border_width_all=\u00a0\u00bb4px\u00a0\u00bb border_color_all=\u00a0\u00bbrgba(255,255,255,0.5)\u00a0\u00bb global_colors_info=\u00a0\u00bb{}\u00a0\u00bb]<\/p>\n<p><span style=\"color: #ffffff;\"><strong>\/Force magn\u00e9tique\/<\/strong> Force qui agit \u00e0 distance sans aucun contact physique entre les objets ou \u00eatres vivants impliqu\u00e9s, interaction fondamentale entre des particules charg\u00e9es \u00e9lectriquement, en particulier des \u00e9lectrons \/Cristal\/ Forme la plus ordonn\u00e9e d\u2019une mati\u00e8re solide <strong>\/ Eau \/<\/strong> Corps compos\u00e9 min\u00e9ral triatomique terrestre et extraterrestre, principal constituant des \u00eatres vivants <\/span><br \/><span style=\"color: #ffffff;\"><strong>\/Glace\/<\/strong> Forme solide de l\u2019eau, structure form\u00e9e d\u2019hexagones juxtapos\u00e9s dans les trois directions de l\u2019espace <strong>\/ Spirale \/<\/strong> Mouvement fondamental inscrit dans la structure de l\u2019univers, depuis les mol\u00e9cules jusqu\u2019aux galaxies <strong>\/ Vortex \/<\/strong> Expression de la spirale en trois dimensions<strong> \/ Lumi\u00e8re \/<\/strong> Radiation au double aspect corpusculaire et ondulatoire<\/span><\/p>\n<p>[\/et_pb_text][et_pb_slider use_bg_overlay=\u00a0\u00bbon\u00a0\u00bb use_text_overlay=\u00a0\u00bboff\u00a0\u00bb _builder_version=\u00a0\u00bb4.27.6&Prime; _module_preset=\u00a0\u00bbdefault\u00a0\u00bb background_image=\u00a0\u00bbhttp:\/\/www.magalibenso.art\/wp-content\/uploads\/2025\/12\/La-Chambre-des-Conversions-\u00a9-Magali_Benso-015-.jpg\u00a0\u00bb min_height=\u00a0\u00bb404px\u00a0\u00bb global_colors_info=\u00a0\u00bb{}\u00a0\u00bb][et_pb_slide use_bg_overlay=\u00a0\u00bboff\u00a0\u00bb _builder_version=\u00a0\u00bb4.27.6&Prime; _module_preset=\u00a0\u00bbdefault\u00a0\u00bb background_video_mp4=\u00a0\u00bbhttp:\/\/www.magalibenso.art\/wp-content\/uploads\/2026\/02\/Force-magnetique_-Chambre-des-Conversions-\u00a9-Magali_Benso-.mp4&Prime; background_enable_video_mp4=\u00a0\u00bbon\u00a0\u00bb global_colors_info=\u00a0\u00bb{}\u00a0\u00bb sticky_transition=\u00a0\u00bbon\u00a0\u00bb][\/et_pb_slide][\/et_pb_slider][\/et_pb_column][\/et_pb_row][et_pb_row _builder_version=\u00a0\u00bb4.27.6&Prime; _module_preset=\u00a0\u00bbdefault\u00a0\u00bb custom_padding=\u00a0\u00bb4px|||0px||\u00a0\u00bb global_colors_info=\u00a0\u00bb{}\u00a0\u00bb][et_pb_column type=\u00a0\u00bb4_4&Prime; _builder_version=\u00a0\u00bb4.27.5&Prime; _module_preset=\u00a0\u00bbdefault\u00a0\u00bb global_colors_info=\u00a0\u00bb{}\u00a0\u00bb][\/et_pb_column][\/et_pb_row][et_pb_row column_structure=\u00a0\u00bb1_2,1_2&Prime; _builder_version=\u00a0\u00bb4.27.5&Prime; _module_preset=\u00a0\u00bbdefault\u00a0\u00bb global_colors_info=\u00a0\u00bb{}\u00a0\u00bb][et_pb_column type=\u00a0\u00bb1_2&Prime; _builder_version=\u00a0\u00bb4.27.5&Prime; _module_preset=\u00a0\u00bbdefault\u00a0\u00bb global_colors_info=\u00a0\u00bb{}\u00a0\u00bb][et_pb_image src=\u00a0\u00bbhttp:\/\/www.magalibenso.art\/wp-content\/uploads\/2026\/03\/La-Chambre-des-Conversions-\u00a9-Magali_BensoDSCF8659-scaled.jpeg\u00a0\u00bb title_text=\u00a0\u00bbLa Chambre des Conversions \u00a9 Magali_BensoDSCF8659&Prime; _builder_version=\u00a0\u00bb4.27.6&Prime; _module_preset=\u00a0\u00bbdefault\u00a0\u00bb global_colors_info=\u00a0\u00bb{}\u00a0\u00bb][\/et_pb_image][\/et_pb_column][et_pb_column type=\u00a0\u00bb1_2&Prime; _builder_version=\u00a0\u00bb4.27.6&Prime; _module_preset=\u00a0\u00bbdefault\u00a0\u00bb global_colors_info=\u00a0\u00bb{}\u00a0\u00bb][et_pb_slider _builder_version=\u00a0\u00bb4.27.6&Prime; _module_preset=\u00a0\u00bbdefault\u00a0\u00bb min_height=\u00a0\u00bb446px\u00a0\u00bb global_colors_info=\u00a0\u00bb{}\u00a0\u00bb][et_pb_slide _builder_version=\u00a0\u00bb4.27.6&Prime; _module_preset=\u00a0\u00bbdefault\u00a0\u00bb background_video_mp4=\u00a0\u00bbhttp:\/\/www.magalibenso.art\/wp-content\/uploads\/2026\/02\/Vortex_-La-Chambre-des-Conversions-\u00a9-Magali_Benso-.mp4&Prime; background_enable_video_mp4=\u00a0\u00bbon\u00a0\u00bb global_colors_info=\u00a0\u00bb{}\u00a0\u00bb sticky_transition=\u00a0\u00bbon\u00a0\u00bb][\/et_pb_slide][\/et_pb_slider][\/et_pb_column][\/et_pb_row][et_pb_row _builder_version=\u00a0\u00bb4.27.5&Prime; _module_preset=\u00a0\u00bbdefault\u00a0\u00bb custom_padding=\u00a0\u00bb||172px|||\u00a0\u00bb global_colors_info=\u00a0\u00bb{}\u00a0\u00bb][et_pb_column type=\u00a0\u00bb4_4&Prime; _builder_version=\u00a0\u00bb4.27.5&Prime; _module_preset=\u00a0\u00bbdefault\u00a0\u00bb global_colors_info=\u00a0\u00bb{}\u00a0\u00bb][et_pb_slider _builder_version=\u00a0\u00bb4.27.6&Prime; _module_preset=\u00a0\u00bbdefault\u00a0\u00bb min_height=\u00a0\u00bb500.1px\u00a0\u00bb custom_padding=\u00a0\u00bb||173px|||\u00a0\u00bb hover_enabled=\u00a0\u00bb0&Prime; global_colors_info=\u00a0\u00bb{}\u00a0\u00bb sticky_enabled=\u00a0\u00bb0&Prime;][et_pb_slide _builder_version=\u00a0\u00bb4.27.6&Prime; _module_preset=\u00a0\u00bbdefault\u00a0\u00bb background_video_mp4=\u00a0\u00bbhttp:\/\/www.magalibenso.art\/wp-content\/uploads\/2026\/03\/Ondes-corpusculaires-La-Chambre-des-Conversions-\u00a9-Magali_Benso-_1.mp4&Prime; background_enable_video_mp4=\u00a0\u00bbon\u00a0\u00bb global_colors_info=\u00a0\u00bb{}\u00a0\u00bb sticky_transition=\u00a0\u00bbon\u00a0\u00bb][\/et_pb_slide][\/et_pb_slider][\/et_pb_column][\/et_pb_row][\/et_pb_section]<\/p>\n","protected":false},"excerpt":{"rendered":"<p>La Chambre des ConversionsLa Chambre des Conversions et La Chambre des Connexions ont \u00e9t\u00e9 con\u00e7us comme des espaces exp\u00e9rienciels immersifs. Durant l&rsquo;exposition le public a \u00e9t\u00e9 libre de prendre connaissance du cartel-inventaire pour sa propre guidance dans l&rsquo;interpr\u00e9tation de ces espaces.\u00a0<div class=\"et_pb_module dmg_masonry_gallery dmg_masonry_gallery_0\">\n\t\t\t\t\n\t\t\t\t\n\t\t\t\t\n\t\t\t\t\n\t\t\t\t\n\t\t\t\t\n\t\t\t\t<div class=\"et_pb_module_inner\">\n\t\t\t\t\t\n\t\t\t<div class=\"dmg-gallery-wrapper\">\n\t\t\t\t\n\t\t\t\t<div class=\"dmg-gallery dmg-modal-gallery \">\n\t\t\t\t\t<div class=\"dmg-gallery-sizer\"><\/div>\n\t\t\t\t\t<div class=\"dmg-gutter-sizer\"><\/div>\n\t\t\t\t\t\n\t\t\t\t\t\t\t<a data-width=\"980\" data-height=\"652\" href=\"http:\/\/www.magalibenso.art\/wp-content\/uploads\/2025\/12\/La-Chambre-des-Conversions-\u00a9-Magali_Benso-010.jpg\"  data-categories=\"\" class=\"dmg_masonry_gallery_item \" >\n\t\t\t\t\t\t\t\t<img class=\"dmg-lazyload\" alt=\"\" data-src=\"http:\/\/www.magalibenso.art\/wp-content\/uploads\/2025\/12\/La-Chambre-des-Conversions-\u00a9-Magali_Benso-010-980x652.jpg\" width=\"980\" height=\"652\" \/>\n\t\t\t\t\t\t\t\t<span class=\"et_overlay\"><\/span>\n\t\t\t\t\t\t\t<\/a>\n\t\t\t\t\t\t\t\n\t\t\t\t\t\t\t<a data-width=\"750\" data-height=\"1000\" href=\"http:\/\/www.magalibenso.art\/wp-content\/uploads\/2025\/12\/La-Chambre-des-Conversions-\u00a9-Magali_Benso-013.jpg\"  data-categories=\"\" class=\"dmg_masonry_gallery_item \" >\n\t\t\t\t\t\t\t\t<img class=\"dmg-lazyload\" alt=\"\" data-src=\"http:\/\/www.magalibenso.art\/wp-content\/uploads\/2025\/12\/La-Chambre-des-Conversions-\u00a9-Magali_Benso-013.jpg\" width=\"750\" height=\"1000\" \/>\n\t\t\t\t\t\t\t\t<span class=\"et_overlay\"><\/span>\n\t\t\t\t\t\t\t<\/a>\n\t\t\t\t\t\t\t\n\t\t\t\t\t\t\t<a data-width=\"667\" data-height=\"1000\" href=\"http:\/\/www.magalibenso.art\/wp-content\/uploads\/2025\/12\/La-Chambre-des-Conversions-\u00a9-Magali_Benso-014.jpg\"  data-categories=\"\" class=\"dmg_masonry_gallery_item \" >\n\t\t\t\t\t\t\t\t<img class=\"dmg-lazyload\" alt=\"\" data-src=\"http:\/\/www.magalibenso.art\/wp-content\/uploads\/2025\/12\/La-Chambre-des-Conversions-\u00a9-Magali_Benso-014.jpg\" width=\"667\" height=\"1000\" \/>\n\t\t\t\t\t\t\t\t<span class=\"et_overlay\"><\/span>\n\t\t\t\t\t\t\t<\/a>\n\t\t\t\t\t\t\t\n\t\t\t\t\t\t\t<a data-width=\"980\" data-height=\"652\" href=\"http:\/\/www.magalibenso.art\/wp-content\/uploads\/2025\/12\/La-Chambre-des-Conversions-\u00a9-Magali_Benso-005.jpg\"  data-categories=\"\" class=\"dmg_masonry_gallery_item \" >\n\t\t\t\t\t\t\t\t<img class=\"dmg-lazyload\" alt=\"\" data-src=\"http:\/\/www.magalibenso.art\/wp-content\/uploads\/2025\/12\/La-Chambre-des-Conversions-\u00a9-Magali_Benso-005-980x652.jpg\" width=\"980\" height=\"652\" \/>\n\t\t\t\t\t\t\t\t<span class=\"et_overlay\"><\/span>\n\t\t\t\t\t\t\t<\/a>\n\t\t\t\t\t\t\t\n\t  \t\t\t<\/div>\n\t  \t\t\t\n  \t\t\t<\/div>\n  \t\t\t\n\t\t\t\t<\/div>\n\t\t\t<\/div>\/Force magn\u00e9tique\/ Force qui agit \u00e0 distance sans aucun contact [&hellip;]<\/p>\n","protected":false},"author":1,"featured_media":0,"parent":0,"menu_order":0,"comment_status":"closed","ping_status":"closed","template":"","meta":{"_et_pb_use_builder":"on","_et_pb_old_content":"","_et_gb_content_width":"","footnotes":""},"class_list":["post-94","page","type-page","status-publish","hentry"],"_links":{"self":[{"href":"http:\/\/www.magalibenso.art\/index.php\/wp-json\/wp\/v2\/pages\/94","targetHints":{"allow":["GET"]}}],"collection":[{"href":"http:\/\/www.magalibenso.art\/index.php\/wp-json\/wp\/v2\/pages"}],"about":[{"href":"http:\/\/www.magalibenso.art\/index.php\/wp-json\/wp\/v2\/types\/page"}],"author":[{"embeddable":true,"href":"http:\/\/www.magalibenso.art\/index.php\/wp-json\/wp\/v2\/users\/1"}],"replies":[{"embeddable":true,"href":"http:\/\/www.magalibenso.art\/index.php\/wp-json\/wp\/v2\/comments?post=94"}],"version-history":[{"count":22,"href":"http:\/\/www.magalibenso.art\/index.php\/wp-json\/wp\/v2\/pages\/94\/revisions"}],"predecessor-version":[{"id":754,"href":"http:\/\/www.magalibenso.art\/index.php\/wp-json\/wp\/v2\/pages\/94\/revisions\/754"}],"wp:attachment":[{"href":"http:\/\/www.magalibenso.art\/index.php\/wp-json\/wp\/v2\/media?parent=94"}],"curies":[{"name":"wp","href":"https:\/\/api.w.org\/{rel}","templated":true}]}}